{"id":1510,"date":"2023-11-26T17:57:34","date_gmt":"2023-11-26T17:57:34","guid":{"rendered":"http:\/\/new.richardsmotelfamilyoflodgings.com\/divi\/fotos-de-las-habitaciones\/"},"modified":"2024-05-30T15:49:54","modified_gmt":"2024-05-30T15:49:54","slug":"fotos-de-las-habitaciones","status":"publish","type":"page","link":"https:\/\/richardsmotelextendedstay.com\/es\/fotos-de-las-habitaciones\/","title":{"rendered":"Fotos de las habitaciones"},"content":{"rendered":"<p>[et_pb_section fb_built=\u00bb1&#8243; _builder_version=\u00bb4.23.1&#8243; _module_preset=\u00bbdefault\u00bb global_colors_info=\u00bb{}\u00bb][et_pb_row _builder_version=\u00bb4.24.0&#8243; _module_preset=\u00bbdefault\u00bb global_colors_info=\u00bb{}\u00bb][et_pb_column type=\u00bb4_4&#8243; _builder_version=\u00bb4.24.0&#8243; _module_preset=\u00bbdefault\u00bb global_colors_info=\u00bb{}\u00bb][et_pb_text _builder_version=\u00bb4.25.1&#8243; _module_preset=\u00bbdefault\u00bb text_font=\u00bbABeeZee||||||||\u00bb hover_enabled=\u00bb0&#8243; global_colors_info=\u00bb{}\u00bb sticky_enabled=\u00bb0&#8243;]<\/p>\n<p style=\"text-align: center;\"><strong>Nuestro sitio web tiene <a href=\"https:\/\/rooms.richardsmotelfamilyoflodgings.com\/category\/extended-stay\/\" target=\"_blank\" rel=\"noopener\">una secci\u00f3n<\/a> dedicada expresamente a mostrar interiores de habitaciones y apartamentos (las actualizaciones no son frecuentes: el mobiliario y la distribuci\u00f3n pueden cambiar).<\/strong><\/p>\n<p style=\"text-align: justify;\"><strong>SIN EMBARGO,<\/strong><\/p>\n<p style=\"text-align: justify;\">  La habitaci\u00f3n (o el apartamento) no es LA RAZ\u00d3N que explica la presencia tan numerosa de nuestros clientes y amigos quebequeses.<br \/>\nRichard&#8217;s ofrece instalaciones sin pretensiones en torno a jardines tropicales maduros en cualquier lugar. Al igual que un \u00abalquiler de chalet\u00bb durante el verano en Quebec, el sitio re\u00fane a una clientela puramente quebequense en invierno, rozando el principio de las concentraciones en campings de Quebec. Los clientes vienen buscando el sol, la playa, las piscinas, el ambiente, consejos de seguridad, ocio, servicios (cantina, espect\u00e1culos franc\u00f3fonos, excursiones en franc\u00e9s y m\u00e1s), transporte gratuito (playa y eventos), entretenimiento, happy hours y otros&#8230; Richard&#8217;s es m\u00e1s una \u00abventanilla \u00fanica de servicios franc\u00f3fonos en Florida\u00bb que una simple habitaci\u00f3n de hotel o motel (est\u00e1ndar)&#8230;<\/p>\n<p>[\/et_pb_text][\/et_pb_column][\/et_pb_row][et_pb_row column_structure=\u00bb1_5,3_5,1_5&#8243; _builder_version=\u00bb4.24.0&#8243; _module_preset=\u00bbdefault\u00bb global_colors_info=\u00bb{}\u00bb][et_pb_column type=\u00bb1_5&#8243; _builder_version=\u00bb4.24.0&#8243; _module_preset=\u00bbdefault\u00bb global_colors_info=\u00bb{}\u00bb][\/et_pb_column][et_pb_column type=\u00bb3_5&#8243; _builder_version=\u00bb4.24.0&#8243; _module_preset=\u00bbdefault\u00bb global_colors_info=\u00bb{}\u00bb][et_pb_button button_url=\u00bbhttps:\/\/rooms.richardsmotelfamilyoflodgings.com\/category\/extended-stay\/\u00bb url_new_window=\u00bbon\u00bb button_text=\u00bbSitio de todas las propiedades fotos de las habitaciones\u00bb button_alignment=\u00bbcenter\u00bb _builder_version=\u00bb4.25.1&#8243; _module_preset=\u00bbdefault\u00bb custom_button=\u00bbon\u00bb button_text_size=\u00bb16px\u00bb button_text_color=\u00bb#FFFFFF\u00bb button_bg_color=\u00bbrgba(127,191,1,0.75)\u00bb button_border_color=\u00bb#7fbf01&#8243; button_border_radius=\u00bb4px\u00bb animation_style=\u00bbfade\u00bb animation_duration=\u00bb1500ms\u00bb hover_enabled=\u00bb0&#8243; box_shadow_style=\u00bbpreset2&#8243; box_shadow_horizontal=\u00bb4px\u00bb box_shadow_vertical=\u00bb4px\u00bb box_shadow_blur=\u00bb21px\u00bb box_shadow_spread=\u00bb-15px\u00bb box_shadow_color=\u00bb#000000&#8243; global_colors_info=\u00bb{}\u00bb box_shadow_spread__hover=\u00bb-7px\u00bb box_shadow_spread__hover_enabled=\u00bbon|hover\u00bb sticky_enabled=\u00bb0&#8243;][\/et_pb_button][\/et_pb_column][et_pb_column type=\u00bb1_5&#8243; _builder_version=\u00bb4.24.0&#8243; _module_preset=\u00bbdefault\u00bb global_colors_info=\u00bb{}\u00bb][\/et_pb_column][\/et_pb_row][et_pb_row _builder_version=\u00bb4.23.1&#8243; _module_preset=\u00bbdefault\u00bb global_colors_info=\u00bb{}\u00bb][et_pb_column type=\u00bb4_4&#8243; _builder_version=\u00bb4.23.1&#8243; _module_preset=\u00bbdefault\u00bb global_colors_info=\u00bb{}\u00bb][et_pb_text _builder_version=\u00bb4.25.1&#8243; _module_preset=\u00bbdefault\u00bb hover_enabled=\u00bb0&#8243; global_colors_info=\u00bb{}\u00bb sticky_enabled=\u00bb0&#8243;]<iframe loading=\"lazy\" src=\"https:\/\/rooms.richardsmotelfamilyoflodgings.com\/category\/extended-stay\/\" width=\"100%\" height=\"1000\" style=\"border: none;\"><\/iframe>[\/et_pb_text][\/et_pb_column][\/et_pb_row][\/et_pb_section]<\/p>\n","protected":false},"excerpt":{"rendered":"<p>Nuestro sitio web tiene una secci\u00f3n dedicada expresamente a mostrar interiores de habitaciones y apartamentos (las actualizaciones no son frecuentes: el mobiliario y la distribuci\u00f3n pueden cambiar). SIN EMBARGO, La habitaci\u00f3n (o el apartamento) no es LA RAZ\u00d3N que explica la presencia tan numerosa de nuestros clientes y amigos quebequeses. Richard&#8217;s ofrece instalaciones sin pretensiones [&hellip;]<\/p>\n","protected":false},"author":1,"featured_media":0,"parent":0,"menu_order":0,"comment_status":"closed","ping_status":"closed","template":"","meta":{"_et_pb_use_builder":"on","_et_pb_old_content":"","_et_gb_content_width":"","_monsterinsights_skip_tracking":false,"_monsterinsights_sitenote_active":false,"_monsterinsights_sitenote_note":"","_monsterinsights_sitenote_category":0,"footnotes":""},"class_list":["post-1510","page","type-page","status-publish","hentry"],"yoast_head":"<!-- This site is optimized with the Yoast SEO plugin v27.3 - https:\/\/yoast.com\/product\/yoast-seo-wordpress\/ -->\n<title>Fotos de las habitaciones - Richard&#039;s Motel Extended Stay<\/title>\n<meta name=\"robots\" content=\"index, follow, max-snippet:-1, max-image-preview:large, max-video-preview:-1\" \/>\n<link rel=\"canonical\" href=\"https:\/\/richardsmotelextendedstay.com\/es\/fotos-de-las-habitaciones\/\" \/>\n<meta property=\"og:locale\" content=\"es_ES\" \/>\n<meta property=\"og:type\" content=\"article\" \/>\n<meta property=\"og:title\" content=\"Fotos de las habitaciones - Richard&#039;s Motel Extended Stay\" \/>\n<meta property=\"og:description\" content=\"Nuestro sitio web tiene una secci\u00f3n dedicada expresamente a mostrar interiores de habitaciones y apartamentos (las actualizaciones no son frecuentes: el mobiliario y la distribuci\u00f3n pueden cambiar). SIN EMBARGO, La habitaci\u00f3n (o el apartamento) no es LA RAZ\u00d3N que explica la presencia tan numerosa de nuestros clientes y amigos quebequeses. Richard&#039;s ofrece instalaciones sin pretensiones [&hellip;]\" \/>\n<meta property=\"og:url\" content=\"https:\/\/richardsmotelextendedstay.com\/es\/fotos-de-las-habitaciones\/\" \/>\n<meta property=\"og:site_name\" content=\"Richard&#039;s Motel Extended Stay\" \/>\n<meta property=\"article:publisher\" content=\"https:\/\/www.facebook.com\/FamilyofLodgingsHollywoodFlorida\/\" \/>\n<meta property=\"article:modified_time\" content=\"2024-05-30T15:49:54+00:00\" \/>\n<meta name=\"twitter:card\" content=\"summary_large_image\" \/>\n<meta name=\"twitter:label1\" content=\"Tiempo de lectura\" \/>\n\t<meta name=\"twitter:data1\" content=\"2 minutos\" \/>\n<script type=\"application\/ld+json\" class=\"yoast-schema-graph\">{\"@context\":\"https:\\\/\\\/schema.org\",\"@graph\":[{\"@type\":\"WebPage\",\"@id\":\"https:\\\/\\\/richardsmotelextendedstay.com\\\/es\\\/fotos-de-las-habitaciones\\\/\",\"url\":\"https:\\\/\\\/richardsmotelextendedstay.com\\\/es\\\/fotos-de-las-habitaciones\\\/\",\"name\":\"Fotos de las habitaciones - Richard&#039;s Motel Extended Stay\",\"isPartOf\":{\"@id\":\"https:\\\/\\\/richardsmotelextendedstay.com\\\/es\\\/#website\"},\"datePublished\":\"2023-11-26T17:57:34+00:00\",\"dateModified\":\"2024-05-30T15:49:54+00:00\",\"breadcrumb\":{\"@id\":\"https:\\\/\\\/richardsmotelextendedstay.com\\\/es\\\/fotos-de-las-habitaciones\\\/#breadcrumb\"},\"inLanguage\":\"es\",\"potentialAction\":[{\"@type\":\"ReadAction\",\"target\":[\"https:\\\/\\\/richardsmotelextendedstay.com\\\/es\\\/fotos-de-las-habitaciones\\\/\"]}]},{\"@type\":\"BreadcrumbList\",\"@id\":\"https:\\\/\\\/richardsmotelextendedstay.com\\\/es\\\/fotos-de-las-habitaciones\\\/#breadcrumb\",\"itemListElement\":[{\"@type\":\"ListItem\",\"position\":1,\"name\":\"Home\",\"item\":\"https:\\\/\\\/richardsmotelextendedstay.com\\\/es\\\/inicio\\\/\"},{\"@type\":\"ListItem\",\"position\":2,\"name\":\"Fotos de las habitaciones\"}]},{\"@type\":\"WebSite\",\"@id\":\"https:\\\/\\\/richardsmotelextendedstay.com\\\/es\\\/#website\",\"url\":\"https:\\\/\\\/richardsmotelextendedstay.com\\\/es\\\/\",\"name\":\"Richard's Motel Extended Stay\",\"description\":\"\",\"publisher\":{\"@id\":\"https:\\\/\\\/richardsmotelextendedstay.com\\\/es\\\/#organization\"},\"potentialAction\":[{\"@type\":\"SearchAction\",\"target\":{\"@type\":\"EntryPoint\",\"urlTemplate\":\"https:\\\/\\\/richardsmotelextendedstay.com\\\/es\\\/?s={search_term_string}\"},\"query-input\":{\"@type\":\"PropertyValueSpecification\",\"valueRequired\":true,\"valueName\":\"search_term_string\"}}],\"inLanguage\":\"es\"},{\"@type\":\"Organization\",\"@id\":\"https:\\\/\\\/richardsmotelextendedstay.com\\\/es\\\/#organization\",\"name\":\"Richard's Motel Extended Stay\",\"url\":\"https:\\\/\\\/richardsmotelextendedstay.com\\\/es\\\/\",\"logo\":{\"@type\":\"ImageObject\",\"inLanguage\":\"es\",\"@id\":\"https:\\\/\\\/richardsmotelextendedstay.com\\\/es\\\/#\\\/schema\\\/logo\\\/image\\\/\",\"url\":\"https:\\\/\\\/richardsmotelextendedstay.com\\\/wp-content\\\/uploads\\\/2024\\\/05\\\/Logo-Extended-Stay-Slider.png\",\"contentUrl\":\"https:\\\/\\\/richardsmotelextendedstay.com\\\/wp-content\\\/uploads\\\/2024\\\/05\\\/Logo-Extended-Stay-Slider.png\",\"width\":300,\"height\":238,\"caption\":\"Richard's Motel Extended Stay\"},\"image\":{\"@id\":\"https:\\\/\\\/richardsmotelextendedstay.com\\\/es\\\/#\\\/schema\\\/logo\\\/image\\\/\"},\"sameAs\":[\"https:\\\/\\\/www.facebook.com\\\/FamilyofLodgingsHollywoodFlorida\\\/\"]}]}<\/script>\n<!-- \/ Yoast SEO plugin. -->","yoast_head_json":{"title":"Fotos de las habitaciones - Richard&#039;s Motel Extended Stay","robots":{"index":"index","follow":"follow","max-snippet":"max-snippet:-1","max-image-preview":"max-image-preview:large","max-video-preview":"max-video-preview:-1"},"canonical":"https:\/\/richardsmotelextendedstay.com\/es\/fotos-de-las-habitaciones\/","og_locale":"es_ES","og_type":"article","og_title":"Fotos de las habitaciones - Richard&#039;s Motel Extended Stay","og_description":"Nuestro sitio web tiene una secci\u00f3n dedicada expresamente a mostrar interiores de habitaciones y apartamentos (las actualizaciones no son frecuentes: el mobiliario y la distribuci\u00f3n pueden cambiar). SIN EMBARGO, La habitaci\u00f3n (o el apartamento) no es LA RAZ\u00d3N que explica la presencia tan numerosa de nuestros clientes y amigos quebequeses. Richard's ofrece instalaciones sin pretensiones [&hellip;]","og_url":"https:\/\/richardsmotelextendedstay.com\/es\/fotos-de-las-habitaciones\/","og_site_name":"Richard&#039;s Motel Extended Stay","article_publisher":"https:\/\/www.facebook.com\/FamilyofLodgingsHollywoodFlorida\/","article_modified_time":"2024-05-30T15:49:54+00:00","twitter_card":"summary_large_image","twitter_misc":{"Tiempo de lectura":"2 minutos"},"schema":{"@context":"https:\/\/schema.org","@graph":[{"@type":"WebPage","@id":"https:\/\/richardsmotelextendedstay.com\/es\/fotos-de-las-habitaciones\/","url":"https:\/\/richardsmotelextendedstay.com\/es\/fotos-de-las-habitaciones\/","name":"Fotos de las habitaciones - Richard&#039;s Motel Extended Stay","isPartOf":{"@id":"https:\/\/richardsmotelextendedstay.com\/es\/#website"},"datePublished":"2023-11-26T17:57:34+00:00","dateModified":"2024-05-30T15:49:54+00:00","breadcrumb":{"@id":"https:\/\/richardsmotelextendedstay.com\/es\/fotos-de-las-habitaciones\/#breadcrumb"},"inLanguage":"es","potentialAction":[{"@type":"ReadAction","target":["https:\/\/richardsmotelextendedstay.com\/es\/fotos-de-las-habitaciones\/"]}]},{"@type":"BreadcrumbList","@id":"https:\/\/richardsmotelextendedstay.com\/es\/fotos-de-las-habitaciones\/#breadcrumb","itemListElement":[{"@type":"ListItem","position":1,"name":"Home","item":"https:\/\/richardsmotelextendedstay.com\/es\/inicio\/"},{"@type":"ListItem","position":2,"name":"Fotos de las habitaciones"}]},{"@type":"WebSite","@id":"https:\/\/richardsmotelextendedstay.com\/es\/#website","url":"https:\/\/richardsmotelextendedstay.com\/es\/","name":"Richard's Motel Extended Stay","description":"","publisher":{"@id":"https:\/\/richardsmotelextendedstay.com\/es\/#organization"},"potentialAction":[{"@type":"SearchAction","target":{"@type":"EntryPoint","urlTemplate":"https:\/\/richardsmotelextendedstay.com\/es\/?s={search_term_string}"},"query-input":{"@type":"PropertyValueSpecification","valueRequired":true,"valueName":"search_term_string"}}],"inLanguage":"es"},{"@type":"Organization","@id":"https:\/\/richardsmotelextendedstay.com\/es\/#organization","name":"Richard's Motel Extended Stay","url":"https:\/\/richardsmotelextendedstay.com\/es\/","logo":{"@type":"ImageObject","inLanguage":"es","@id":"https:\/\/richardsmotelextendedstay.com\/es\/#\/schema\/logo\/image\/","url":"https:\/\/richardsmotelextendedstay.com\/wp-content\/uploads\/2024\/05\/Logo-Extended-Stay-Slider.png","contentUrl":"https:\/\/richardsmotelextendedstay.com\/wp-content\/uploads\/2024\/05\/Logo-Extended-Stay-Slider.png","width":300,"height":238,"caption":"Richard's Motel Extended Stay"},"image":{"@id":"https:\/\/richardsmotelextendedstay.com\/es\/#\/schema\/logo\/image\/"},"sameAs":["https:\/\/www.facebook.com\/FamilyofLodgingsHollywoodFlorida\/"]}]}},"_links":{"self":[{"href":"https:\/\/richardsmotelextendedstay.com\/es\/wp-json\/wp\/v2\/pages\/1510","targetHints":{"allow":["GET"]}}],"collection":[{"href":"https:\/\/richardsmotelextendedstay.com\/es\/wp-json\/wp\/v2\/pages"}],"about":[{"href":"https:\/\/richardsmotelextendedstay.com\/es\/wp-json\/wp\/v2\/types\/page"}],"author":[{"embeddable":true,"href":"https:\/\/richardsmotelextendedstay.com\/es\/wp-json\/wp\/v2\/users\/1"}],"replies":[{"embeddable":true,"href":"https:\/\/richardsmotelextendedstay.com\/es\/wp-json\/wp\/v2\/comments?post=1510"}],"version-history":[{"count":18,"href":"https:\/\/richardsmotelextendedstay.com\/es\/wp-json\/wp\/v2\/pages\/1510\/revisions"}],"predecessor-version":[{"id":2956,"href":"https:\/\/richardsmotelextendedstay.com\/es\/wp-json\/wp\/v2\/pages\/1510\/revisions\/2956"}],"wp:attachment":[{"href":"https:\/\/richardsmotelextendedstay.com\/es\/wp-json\/wp\/v2\/media?parent=1510"}],"curies":[{"name":"wp","href":"https:\/\/api.w.org\/{rel}","templated":true}]}}